{"id":6,"date":"2018-01-31T09:06:56","date_gmt":"2018-01-31T09:06:56","guid":{"rendered":"http:\/\/bridge150.qodeinteractive.com\/?page_id=6"},"modified":"2024-08-26T18:54:55","modified_gmt":"2024-08-26T18:54:55","slug":"home","status":"publish","type":"page","link":"https:\/\/agrololo.com.ar\/sitio\/","title":{"rendered":"Home"},"content":{"rendered":"<section class=\"wpb-content-wrapper\"><p>[vc_row css_animation=\u00bb\u00bb row_type=\u00bbrow\u00bb use_row_as_full_screen_section=\u00bbno\u00bb type=\u00bbfull_width\u00bb angled_section=\u00bbno\u00bb text_align=\u00bbleft\u00bb background_image_as_pattern=\u00bbwithout_pattern\u00bb][vc_column][vc_raw_html]JTNDZGl2JTIwaWQlM0QlMjJ3d185NjUyODY4M2JlZWU2JTIyJTIwdiUzRCUyNzEuMyUyNyUyMGxvYyUzRCUyN2lkJTI3JTIwYSUzRCUyNyU3QiUyMnQlMjIlM0ElMjJ0aWNrZXIlMjIlMkMlMjJsYW5nJTIyJTNBJTIyZXMlMjIlMkMlMjJzbF9scGwlMjIlM0ExJTJDJTIyaWRzJTIyJTNBJTVCJTIyd2wxMjI0NiUyMiU1RCUyQyUyMmZvbnQlMjIlM0ElMjJBcmlhbCUyMiUyQyUyMnNsX2ljcyUyMiUzQSUyMm9uZV9hJTIyJTJDJTIyc2xfc290JTIyJTNBJTIyY2Vsc2l1cyUyMiUyQyUyMmNsX2JrZyUyMiUzQSUyMiUyMzAyODhEMSUyMiUyQyUyMmNsX2ZvbnQlMjIlM0ElMjIlMjNGRkZGRkYlMjIlMkMlMjJjbF9jbG91ZCUyMiUzQSUyMiUyM0ZGRkZGRiUyMiUyQyUyMmNsX3BlcnNwJTIyJTNBJTIyJTIzRkZGRkZGJTIyJTJDJTIyY2xfc3VuJTIyJTNBJTIyJTIzRkZDMTA3JTIyJTJDJTIyY2xfbW9vbiUyMiUzQSUyMiUyM0ZGQzEwNyUyMiUyQyUyMmNsX3RodW5kJTIyJTNBJTIyJTIzRkY1NzIyJTIyJTdEJTI3JTNFTSVDMyVBMXMlMjBwcmV2aXNpb25lcyUzQSUyMCUzQ2ElMjBocmVmJTNEJTIyaHR0cHMlM0ElMkYlMkZvbmV3ZWF0aGVyLm9yZyUyRmVzJTJGYnVlbm9zX2FpcmVzJTJGMjVfZGF5cyUyRiUyMiUyMGlkJTNEJTIyd3dfOTY1Mjg2ODNiZWVlNl91JTIyJTIwdGFyZ2V0JTNEJTIyX2JsYW5rJTIyJTNFMjUlMjBkJUMzJUFEYXMlMjB0aWVtcG8lMjBlbiUyMEJ1ZW5vcyUyMEFpcmVzJTNDJTJGYSUzRSUzQyUyRmRpdiUzRSUzQ3NjcmlwdCUyMGFzeW5jJTIwc3JjJTNEJTIyaHR0cHMlM0ElMkYlMkZhcHAyLndlYXRoZXJ3aWRnZXQub3JnJTJGanMlMkYlM0ZpZCUzRHd3Xzk2NTI4NjgzYmVlZTYlMjIlM0UlM0MlMkZzY3JpcHQlM0U=[\/vc_raw_html][\/vc_column][\/vc_row][vc_row css_animation=\u00bb\u00bb row_type=\u00bbrow\u00bb use_row_as_full_screen_section=\u00bbno\u00bb type=\u00bbfull_width\u00bb angled_section=\u00bbno\u00bb text_align=\u00bbleft\u00bb background_image_as_pattern=\u00bbwithout_pattern\u00bb z_index=\u00bb\u00bb css=\u00bb.vc_custom_1517405795406{padding-top: 40px !important;padding-bottom: 23px !important;}\u00bb][vc_column offset=\u00bbvc_col-lg-4 vc_col-md-4&#8243;][qode_elements_holder number_of_columns=\u00bbone_column\u00bb][qode_elements_holder_item advanced_animations=\u00bbno\u00bb item_padding=\u00bb0 0 0 177px\u00bb item_padding_1280_1440=\u00bb0 0 0 156px\u00bb item_padding_1024_1280=\u00bb0 0 0 85px\u00bb item_padding_768_1024=\u00bb0 0 0 20px\u00bb item_padding_600_768=\u00bb0 48px 0 99px\u00bb item_padding_480=\u00bb0 0 0 74px\u00bb][vc_column_text]<\/p>\n<h1>Siempre de tu lado<\/h1>\n<p>[\/vc_column_text][vc_empty_space height=\u00bb9px\u00bb][vc_column_text]<\/p>\n<h4>Servicios al campo<\/h4>\n<p>[\/vc_column_text][vc_empty_space height=\u00bb28px\u00bb]<a  itemprop=\"url\" href=\"\" target=\"_self\"  class=\"qbutton  default\" style=\"\">Consultanos<\/a>[vc_empty_space height=\u00bb50px\u00bb][\/qode_elements_holder_item][\/qode_elements_holder][\/vc_column][vc_column offset=\u00bbvc_col-lg-8 vc_col-md-8&#8243;][qode_elements_holder number_of_columns=\u00bbone_column\u00bb][qode_elements_holder_item advanced_animations=\u00bbno\u00bb item_padding=\u00bb0 268px 0 94px\u00bb item_padding_1280_1440=\u00bb0 148px 0 94px\u00bb item_padding_1024_1280=\u00bb0 72px 0 72px\u00bb item_padding_600_768=\u00bb0 94px 0 94px\u00bb item_padding_480=\u00bb0px 90px 0 76px\u00bb][vc_column_text]<\/p>\n<h2>Nuestra visi\u00f3n se sustenta en brindar un servicio de <span class=\"alternative-font\">excelencia<\/span><\/h2>\n<p>[\/vc_column_text][vc_empty_space height=\u00bb21px\u00bb][vc_column_text]Permitiendo a nuestros clientes desarrollar su m\u00e1ximo potencial. Para ello percibimos en ellos a nuestros socios y aliados estrat\u00e9gicos entendiendo que el \u00e9xito de Agroservicios Lolo s\u00f3lo es posible si toda nuestra cadena de valor es exitosa[\/vc_column_text][vc_empty_space height=\u00bb19px\u00bb][vc_column_text]Estamos ubicados estrat\u00e9gicamente a minutos de Puerto Quequ\u00e9n,\u00a0en la Provincia de Buenos Aires. Colaborando con aquellos que, con su esfuerzo y actividad, hacen grande el pa\u00eds generando riqueza y oportunidades.[\/vc_column_text][vc_empty_space height=\u00bb50px\u00bb][\/qode_elements_holder_item][\/qode_elements_holder][\/vc_column][\/vc_row][vc_row css_animation=\u00bb\u00bb row_type=\u00bbrow\u00bb use_row_as_full_screen_section=\u00bbno\u00bb type=\u00bbgrid\u00bb angled_section=\u00bbno\u00bb text_align=\u00bbleft\u00bb background_image_as_pattern=\u00bbwithout_pattern\u00bb css=\u00bb.vc_custom_1517406007686{padding-top: 100px !important;background-color: #f5f8fa !important;}\u00bb z_index=\u00bb\u00bb][vc_column offset=\u00bbvc_col-lg-6 vc_col-md-12&#8243;][vc_gallery type=\u00bbflexslider_slide\u00bb interval=\u00bb3&#8243; images=\u00bb305,374,375&#8243;][vc_empty_space height=\u00bb23px\u00bb][vc_column_text]<\/p>\n<h3>Servicio Integral<\/h3>\n<p>[\/vc_column_text][vc_empty_space height=\u00bb11px\u00bb][vc_column_text]Fusionamos la experiencia con la innovaci\u00f3n tecnol\u00f3gica para trabajar el campo. Valoramos el esfuerzo del trabajo y cuidamos el suelo para dejarle un futuro mejor a las nuevas generaciones[\/vc_column_text][vc_empty_space height=\u00bb50px\u00bb][\/vc_column][vc_column offset=\u00bbvc_col-lg-6 vc_col-md-12&#8243;][vc_gallery type=\u00bbflexslider_slide\u00bb interval=\u00bb3&#8243; images=\u00bb369,368,228&#8243;][vc_empty_space height=\u00bb23px\u00bb][vc_column_text]<\/p>\n<h3>Nuestras oficinas<\/h3>\n<p>[\/vc_column_text][vc_empty_space height=\u00bb11px\u00bb][vc_column_text]Utilizamos alternativas eficientes y seguras para el resguardo de su cosecha y brindamos diferentes opciones en la comercializaci\u00f3n de cereales y oleaginosas, para garantizarles una ventaja competitiva en el mercado.[\/vc_column_text][vc_empty_space height=\u00bb50px\u00bb][\/vc_column][\/vc_row][vc_row css_animation=\u00bb\u00bb row_type=\u00bbrow\u00bb use_row_as_full_screen_section=\u00bbno\u00bb type=\u00bbfull_width\u00bb angled_section=\u00bbno\u00bb text_align=\u00bbleft\u00bb background_image_as_pattern=\u00bbwithout_pattern\u00bb css=\u00bb.vc_custom_1708528415688{background-image: url(https:\/\/agrololo.com.ar\/sitio\/wp-content\/uploads\/2024\/02\/servicios.jpg?id=362) !important;}\u00bb z_index=\u00bb\u00bb anchor=\u00bbservicios\u00bb][vc_column][qode_elements_holder number_of_columns=\u00bbone_column\u00bb][qode_elements_holder_item advanced_animations=\u00bbno\u00bb item_padding=\u00bb186px 0px 192px 279px\u00bb item_padding_1280_1440=\u00bb186px 0px 192px 103px\u00bb item_padding_1024_1280=\u00bb186px 0px 192px 22px\u00bb item_padding_768_1024=\u00bb186px 0px 192px 81px\u00bb item_padding_480=\u00bb116px 0px 154px 35px\u00bb][vc_column_text]<\/p>\n<h1><span style=\"font-size: 65px; color: #25236f; line-height: 61px;\">Nuestros<br \/>\nServicios<\/span><\/h1>\n<p>[\/vc_column_text][vc_empty_space height=\u00bb11px\u00bb][vc_column_text]<\/p>\n<h4><span style=\"color: #ffffff;\">Servicios al Campo<\/span><\/h4>\n<p>[\/vc_column_text][\/qode_elements_holder_item][\/qode_elements_holder][\/vc_column][\/vc_row][vc_row css_animation=\u00bb\u00bb row_type=\u00bbrow\u00bb use_row_as_full_screen_section=\u00bbno\u00bb type=\u00bbfull_width\u00bb angled_section=\u00bbno\u00bb text_align=\u00bbleft\u00bb background_image_as_pattern=\u00bbwithout_pattern\u00bb css=\u00bb.vc_custom_1706790805913{background-color: #0f3c7f !important;}\u00bb z_index=\u00bb\u00bb][vc_column][vc_row_inner row_type=\u00bbrow\u00bb type=\u00bbgrid\u00bb text_align=\u00bbleft\u00bb css_animation=\u00bb\u00bb css=\u00bb.vc_custom_1517560293680{padding-bottom: 50px !important;}\u00bb el_class=\u00bbrow-with-icons-margin\u00bb][vc_column_inner width=\u00bb1\/2&#8243; css=\u00bb.vc_custom_1517492033156{margin-top: -81px !important;}\u00bb offset=\u00bbvc_col-lg-3 vc_col-md-6&#8243;][qode_elements_holder number_of_columns=\u00bbone_column\u00bb][qode_elements_holder_item advanced_animations=\u00bbno\u00bb background_color=\u00bb#ffffff\u00bb item_padding=\u00bb20px 20px 8px 20px\u00bb]<div class='q_icon_with_title small custom_icon_image center qode-iwt-content-alignment-left '><div class=\"icon_holder \" style=\" \"><img decoding=\"async\" itemprop=\"image\" style=\"\" src=\"https:\/\/agrololo.com.ar\/sitio\/wp-content\/uploads\/2023\/12\/granos-2.png\" alt=\"\"><\/div><div class=\"icon_text_holder\" style=\"\"><div class=\"icon_text_inner\" style=\"\"><h3 class=\"icon_title\" style=\"\">GRANOS<\/h3><p style=''><\/p><\/div><\/div><\/div>[\/qode_elements_holder_item][\/qode_elements_holder][vc_empty_space height=\u00bb50px\u00bb][\/vc_column_inner][vc_column_inner width=\u00bb1\/2&#8243; css=\u00bb.vc_custom_1517492041942{margin-top: -80px !important;}\u00bb offset=\u00bbvc_col-lg-3 vc_col-md-6&#8243;][qode_elements_holder number_of_columns=\u00bbone_column\u00bb][qode_elements_holder_item horizontal_alignment=\u00bbleft\u00bb advanced_animations=\u00bbno\u00bb background_color=\u00bb#ffffff\u00bb item_padding=\u00bb20px 20px 8px 20px\u00bb item_padding_1280_1440=\u00bb20px 7px 8px 13px\u00bb]<div class='q_icon_with_title small custom_icon_image center qode-iwt-content-alignment-left '><div class=\"icon_holder \" style=\" \"><img decoding=\"async\" itemprop=\"image\" style=\"\" src=\"https:\/\/agrololo.com.ar\/sitio\/wp-content\/uploads\/2023\/12\/acopio.png\" alt=\"\"><\/div><div class=\"icon_text_holder\" style=\"\"><div class=\"icon_text_inner\" style=\"\"><h3 class=\"icon_title\" style=\"\">ACOPIO<\/h3><p style=''><\/p><\/div><\/div><\/div>[\/qode_elements_holder_item][\/qode_elements_holder][vc_empty_space height=\u00bb50px\u00bb][\/vc_column_inner][vc_column_inner width=\u00bb1\/2&#8243; css=\u00bb.vc_custom_1517492049366{margin-top: -80px !important;}\u00bb offset=\u00bbvc_col-lg-3 vc_col-md-6&#8243;][qode_elements_holder number_of_columns=\u00bbone_column\u00bb][qode_elements_holder_item advanced_animations=\u00bbno\u00bb background_color=\u00bb#ffffff\u00bb item_padding=\u00bb20px 20px 8px 20px\u00bb]<div class='q_icon_with_title small custom_icon_image center qode-iwt-content-alignment-left '><div class=\"icon_holder \" style=\" \"><img decoding=\"async\" itemprop=\"image\" style=\"\" src=\"https:\/\/agrololo.com.ar\/sitio\/wp-content\/uploads\/2023\/12\/insumos.png\" alt=\"\"><\/div><div class=\"icon_text_holder\" style=\"\"><div class=\"icon_text_inner\" style=\"\"><h3 class=\"icon_title\" style=\"\">INSUMOS<\/h3><p style=''><\/p><\/div><\/div><\/div>[\/qode_elements_holder_item][\/qode_elements_holder][vc_empty_space height=\u00bb50px\u00bb][\/vc_column_inner][vc_column_inner width=\u00bb1\/2&#8243; css=\u00bb.vc_custom_1517492057840{margin-top: -80px !important;}\u00bb offset=\u00bbvc_col-lg-3 vc_col-md-6&#8243;][qode_elements_holder number_of_columns=\u00bbone_column\u00bb][qode_elements_holder_item advanced_animations=\u00bbno\u00bb background_color=\u00bb#ffffff\u00bb item_padding=\u00bb20px 20px 8px 20px\u00bb]<div class='q_icon_with_title small custom_icon_image center qode-iwt-content-alignment-left '><div class=\"icon_holder \" style=\" \"><img decoding=\"async\" itemprop=\"image\" style=\"\" src=\"https:\/\/agrololo.com.ar\/sitio\/wp-content\/uploads\/2023\/12\/logistica.png\" alt=\"\"><\/div><div class=\"icon_text_holder\" style=\"\"><div class=\"icon_text_inner\" style=\"\"><h3 class=\"icon_title\" style=\"\">LOGISTICA<\/h3><p style=''><\/p><\/div><\/div><\/div>[\/qode_elements_holder_item][\/qode_elements_holder][vc_empty_space height=\u00bb50px\u00bb][\/vc_column_inner][\/vc_row_inner][\/vc_column][\/vc_row][vc_row css_animation=\u00bb\u00bb row_type=\u00bbrow\u00bb use_row_as_full_screen_section=\u00bbno\u00bb type=\u00bbfull_width\u00bb angled_section=\u00bbno\u00bb text_align=\u00bbleft\u00bb background_image_as_pattern=\u00bbwithout_pattern\u00bb css=\u00bb.vc_custom_1708523440551{background-color: #ffffff !important;}\u00bb z_index=\u00bb\u00bb][vc_column]<div class=\"call_to_action normal\" style=\"background-color: #ffffff;\"><div class=\"container_inner\"><div class=\"two_columns_75_25 clearfix\"><div class=\"text_wrapper column1\"><div class=\"call_to_action_text \" style=\"\">\n<h3><span style=\"color: #87b880;\">Acceso exclusivo a clientes<\/span><\/h3>\n<\/div><\/div><div class=\"button_wrapper column2\"><a itemprop=\"url\" href=\"https:\/\/agrololo.agrosistemasweb.com.ar\/as\/site\/login\" class=\"qbutton white \" target=\"_blank\" style=\"color: #ffffff;border-color: #87b880;background-color: #87b880;\" data-hover-background-color=#66b75d data-hover-border-color=#66b75d >INGRESO A CLIENTES<\/a><\/div><\/div><\/div><\/div>[\/vc_column][\/vc_row][vc_row css_animation=\u00bb\u00bb row_type=\u00bbrow\u00bb use_row_as_full_screen_section=\u00bbno\u00bb type=\u00bbfull_width\u00bb angled_section=\u00bbno\u00bb text_align=\u00bbleft\u00bb background_image_as_pattern=\u00bbwithout_pattern\u00bb css=\u00bb.vc_custom_1708523519940{background-color: #0f3c7f !important;}\u00bb z_index=\u00bb\u00bb][vc_column][vc_row_inner row_type=\u00bbrow\u00bb type=\u00bbgrid\u00bb text_align=\u00bbleft\u00bb css_animation=\u00bb\u00bb padding_top=\u00bb60&#8243;][vc_column_inner width=\u00bb1\/3&#8243;][qode_elements_holder number_of_columns=\u00bbone_column\u00bb][qode_elements_holder_item advanced_animations=\u00bbno\u00bb background_color=\u00bb#ffffff\u00bb item_padding=\u00bb20px 20px 8px 20px\u00bb]<div class='q_icon_with_title small custom_icon_image center qode-iwt-content-alignment-left '><div class=\"icon_holder \" style=\" \"><img decoding=\"async\" itemprop=\"image\" style=\"\" src=\"https:\/\/agrololo.com.ar\/sitio\/wp-content\/uploads\/2024\/02\/mercado-chicago-3.png\" alt=\"\"><\/div><div class=\"icon_text_holder\" style=\"\"><div class=\"icon_text_inner\" style=\"\"><h3 class=\"icon_title\" style=\"\">MERCADO A TERMINO<\/h3><p style=''><\/p><a itemprop='url' class='icon_with_title_link' href='https:\/\/matbarofex.primary.ventures\/futuros\/agropecuarios' target='_blank' style=''>VER<\/a><\/div><\/div><\/div>[\/qode_elements_holder_item][\/qode_elements_holder][vc_empty_space][\/vc_column_inner][vc_column_inner width=\u00bb1\/3&#8243;][qode_elements_holder number_of_columns=\u00bbone_column\u00bb][qode_elements_holder_item advanced_animations=\u00bbno\u00bb background_color=\u00bb#ffffff\u00bb item_padding=\u00bb20px 20px 8px 20px\u00bb]<div class='q_icon_with_title small custom_icon_image center qode-iwt-content-alignment-left '><div class=\"icon_holder \" style=\" \"><img decoding=\"async\" itemprop=\"image\" style=\"\" src=\"https:\/\/agrololo.com.ar\/sitio\/wp-content\/uploads\/2024\/02\/mercado-chicago-3.png\" alt=\"\"><\/div><div class=\"icon_text_holder\" style=\"\"><div class=\"icon_text_inner\" style=\"\"><h3 class=\"icon_title\" style=\"\">CBOT<\/h3><p style=''><\/p><a itemprop='url' class='icon_with_title_link' href='https:\/\/www.cmegroup.com\/trading\/agricultural\/grain-and-oilseed.html' target='_blank' style=''>VER<\/a><\/div><\/div><\/div>[\/qode_elements_holder_item][\/qode_elements_holder][vc_empty_space][\/vc_column_inner][vc_column_inner width=\u00bb1\/3&#8243;][qode_elements_holder number_of_columns=\u00bbone_column\u00bb][qode_elements_holder_item advanced_animations=\u00bbno\u00bb background_color=\u00bb#ffffff\u00bb item_padding=\u00bb20px 20px 8px 20px\u00bb]<div class='q_icon_with_title small custom_icon_image center qode-iwt-content-alignment-left '><div class=\"icon_holder \" style=\" \"><img decoding=\"async\" itemprop=\"image\" style=\"\" src=\"https:\/\/agrololo.com.ar\/sitio\/wp-content\/uploads\/2024\/02\/puerto-quequen-2.png\" alt=\"\"><\/div><div class=\"icon_text_holder\" style=\"\"><div class=\"icon_text_inner\" style=\"\"><h3 class=\"icon_title\" style=\"\">PUERTO QUEQU\u00c9N<\/h3><p style=''><\/p><a itemprop='url' class='icon_with_title_link' href='https:\/\/puertoquequen.com\/descargas\/operativa\/Buques_lista.pdf' target='_blank' style=''>VER SITUACI\u00d3N DEL PUERTO<\/a><\/div><\/div><\/div>[\/qode_elements_holder_item][\/qode_elements_holder][\/vc_column_inner][\/vc_row_inner][\/vc_column][\/vc_row]<\/p>\n<\/section>","protected":false},"excerpt":{"rendered":"<p>[vc_row css_animation=\u00bb\u00bb row_type=\u00bbrow\u00bb use_row_as_full_screen_section=\u00bbno\u00bb type=\u00bbfull_width\u00bb angled_section=\u00bbno\u00bb text_align=\u00bbleft\u00bb background_image_as_pattern=\u00bbwithout_pattern\u00bb][vc_column][vc_raw_html]JTNDZGl2JTIwaWQlM0QlMjJ3d185NjUyODY4M2JlZWU2JTIyJTIwdiUzRCUyNzEuMyUyNyUyMGxvYyUzRCUyN2lkJTI3JTIwYSUzRCUyNyU3QiUyMnQlMjIlM0ElMjJ0aWNrZXIlMjIlMkMlMjJsYW5nJTIyJTNBJTIyZXMlMjIlMkMlMjJzbF9scGwlMjIlM0ExJTJDJTIyaWRzJTIyJTNBJTVCJTIyd2wxMjI0NiUyMiU1RCUyQyUyMmZvbnQlMjIlM0ElMjJBcmlhbCUyMiUyQyUyMnNsX2ljcyUyMiUzQSUyMm9uZV9hJTIyJTJDJTIyc2xfc290JTIyJTNBJTIyY2Vsc2l1cyUyMiUyQyUyMmNsX2JrZyUyMiUzQSUyMiUyMzAyODhEMSUyMiUyQyUyMmNsX2ZvbnQlMjIlM0ElMjIlMjNGRkZGRkYlMjIlMkMlMjJjbF9jbG91ZCUyMiUzQSUyMiUyM0ZGRkZGRiUyMiUyQyUyMmNsX3BlcnNwJTIyJTNBJTIyJTIzRkZGRkZGJTIyJTJDJTIyY2xfc3VuJTIyJTNBJTIyJTIzRkZDMTA3JTIyJTJDJTIyY2xfbW9vbiUyMiUzQSUyMiUyM0ZGQzEwNyUyMiUyQyUyMmNsX3RodW5kJTIyJTNBJTIyJTIzRkY1NzIyJTIyJTdEJTI3JTNFTSVDMyVBMXMlMjBwcmV2aXNpb25lcyUzQSUyMCUzQ2ElMjBocmVmJTNEJTIyaHR0cHMlM0ElMkYlMkZvbmV3ZWF0aGVyLm9yZyUyRmVzJTJGYnVlbm9zX2FpcmVzJTJGMjVfZGF5cyUyRiUyMiUyMGlkJTNEJTIyd3dfOTY1Mjg2ODNiZWVlNl91JTIyJTIwdGFyZ2V0JTNEJTIyX2JsYW5rJTIyJTNFMjUlMjBkJUMzJUFEYXMlMjB0aWVtcG8lMjBlbiUyMEJ1ZW5vcyUyMEFpcmVzJTNDJTJGYSUzRSUzQyUyRmRpdiUzRSUzQ3NjcmlwdCUyMGFzeW5jJTIwc3JjJTNEJTIyaHR0cHMlM0ElMkYlMkZhcHAyLndlYXRoZXJ3aWRnZXQub3JnJTJGanMlMkYlM0ZpZCUzRHd3Xzk2NTI4NjgzYmVlZTYlMjIlM0UlM0MlMkZzY3JpcHQlM0U=[\/vc_raw_html][\/vc_column][\/vc_row][vc_row css_animation=\u00bb\u00bb row_type=\u00bbrow\u00bb use_row_as_full_screen_section=\u00bbno\u00bb type=\u00bbfull_width\u00bb angled_section=\u00bbno\u00bb text_align=\u00bbleft\u00bb background_image_as_pattern=\u00bbwithout_pattern\u00bb z_index=\u00bb\u00bb css=\u00bb.vc_custom_1517405795406{padding-top: 40px !important;padding-bottom: 23px !important;}\u00bb][vc_column offset=\u00bbvc_col-lg-4 vc_col-md-4&#8243;][qode_elements_holder number_of_columns=\u00bbone_column\u00bb][qode_elements_holder_item advanced_animations=\u00bbno\u00bb item_padding=\u00bb0 0 0 177px\u00bb item_padding_1280_1440=\u00bb0 0 0 156px\u00bb item_padding_1024_1280=\u00bb0 0 0 85px\u00bb item_padding_768_1024=\u00bb0 0 0 20px\u00bb item_padding_600_768=\u00bb0 48px 0 99px\u00bb&#8230;<\/p>\n","protected":false},"author":1,"featured_media":0,"parent":0,"menu_order":0,"comment_status":"closed","ping_status":"closed","template":"full_width.php","meta":{"footnotes":""},"_links":{"self":[{"href":"https:\/\/agrololo.com.ar\/sitio\/wp-json\/wp\/v2\/pages\/6"}],"collection":[{"href":"https:\/\/agrololo.com.ar\/sitio\/wp-json\/wp\/v2\/pages"}],"about":[{"href":"https:\/\/agrololo.com.ar\/sitio\/wp-json\/wp\/v2\/types\/page"}],"author":[{"embeddable":true,"href":"https:\/\/agrololo.com.ar\/sitio\/wp-json\/wp\/v2\/users\/1"}],"replies":[{"embeddable":true,"href":"https:\/\/agrololo.com.ar\/sitio\/wp-json\/wp\/v2\/comments?post=6"}],"version-history":[{"count":63,"href":"https:\/\/agrololo.com.ar\/sitio\/wp-json\/wp\/v2\/pages\/6\/revisions"}],"predecessor-version":[{"id":381,"href":"https:\/\/agrololo.com.ar\/sitio\/wp-json\/wp\/v2\/pages\/6\/revisions\/381"}],"wp:attachment":[{"href":"https:\/\/agrololo.com.ar\/sitio\/wp-json\/wp\/v2\/media?parent=6"}],"curies":[{"name":"wp","href":"https:\/\/api.w.org\/{rel}","templated":true}]}}